{"id":2712,"date":"2023-11-09T19:06:45","date_gmt":"2023-11-09T19:06:45","guid":{"rendered":"https:\/\/ident.com.tr\/?page_id=2712"},"modified":"2024-02-12T09:04:45","modified_gmt":"2024-02-12T09:04:45","slug":"sikca-sorulan-sorular","status":"publish","type":"page","link":"https:\/\/ident.com.tr\/ar\/sikca-sorulan-sorular","title":{"rendered":"S\u0131k\u00e7a Sorulan Sorular"},"content":{"rendered":"<h1>\n\t\tS\u0131k\u00e7a Sorulan Sorular\n\t<\/h1>\n\t<div class=\"ast-breadcrumbs-wrapper\">\n\t\t\t<div class=\"ast-breadcrumbs-inner\"><nav role=\"navigation\" aria-label=\"Breadcrumbs\" class=\"breadcrumb-trail breadcrumbs\" ><div class=\"ast-breadcrumbs\"><ul class=\"trail-items\" ><li  class=\"trail-item trail-end\"><span><a href=\"https:\/\/ident.com.tr\/ar\" rel=\"home\"><span >\u0627\u0644\u0631\u0626\u064a\u0633\u064a\u0629<\/span><\/a><\/span><\/li><\/ul><\/div><\/nav><\/div>\n\t\t<\/div>\n\t\t\t\t\t\t\t\t\t\t<h3 tabindex=\"0\">iDent Nedir?<\/h3>\n\t\t\t\t\t<p>iDent; aktif probiyotik i\u00e7eri\u011fi ile a\u011f\u0131z i\u00e7i mikrobiyomun dengelenmesine yard\u0131mc\u0131 olan yeni nesil bir di\u015f macunudur. \u0130\u00e7eri\u011findeki etkili bile\u015fenler ile di\u015flerin do\u011fal beyazl\u0131\u011fa kavu\u015fmas\u0131na, plak olu\u015fumunu \u00f6nlemeye, \u00e7\u00fcr\u00fcklere kar\u015f\u0131 korumaya ve mineyi g\u00fc\u00e7lendirmeye destek olur.<\/p>\n\t\t\t\t\t\t\t\t\t\t<h3 tabindex=\"0\">Kimler iDent Kullan\u0131labilir?<\/h3>\n\t\t\t\t\t<p>iDent di\u015f macunu; sa\u011fl\u0131kl\u0131 bir a\u011f\u0131z mikrobiyomuna, sa\u011fl\u0131kl\u0131 bir ba\u011f\u0131rsak floras\u0131na ve g\u00fc\u00e7l\u00fc bir ba\u011f\u0131\u015f\u0131kl\u0131k sistemine sahip olmak isteyen herkes taraf\u0131ndan kullan\u0131labilir.<\/p>\n\t\t\t\t\t\t\t\t\t\t<h3 tabindex=\"0\">Uyand\u0131\u011f\u0131mda A\u011f\u0131z Kokusu \u0130le Uyan\u0131yorum. iDent Bu Sorunu \u00c7\u00f6zer Mi?<\/h3>\n\t\t\t\t\t<p>iDent, i\u00e7eri\u011findeki aktif probiyotik ile a\u011fz\u0131m\u0131zda bulunan yararl\u0131 bakterilerin \u00e7o\u011falmas\u0131n\u0131 destekleyerek ve koku yapan bakterilerin \u00fcremesini engelleyerek a\u011fz\u0131n\u0131zdaki mikrobiyomu dengeler. B\u00f6ylece uyand\u0131\u011f\u0131n\u0131zda a\u011fz\u0131n\u0131zdaki k\u00f6t\u00fc kokudan kurtulmu\u015f olursunuz.<\/p>\n\t\t\t\t\t\t\t\t\t\t<h3 tabindex=\"0\">Her G\u00fcn Sigara \u0130\u00e7en Biriyim. iDent Benim \u0130\u00e7in \u00c7\u00f6z\u00fcm Olabilir Mi?<\/h3>\n\t\t\t\t\t<p>Tabiki de! iDent kullanan ve ayn\u0131 zamanda sigara i\u00e7en bir\u00e7ok m\u00fc\u015fterimiz, a\u011fz\u0131ndaki k\u00f6t\u00fc hissin k\u0131sa bir s\u00fcrede yok oldu\u011funu belirtiyor. Siz de sigara i\u00e7iyorsan\u0131z ve kronik a\u011f\u0131zdaki k\u00f6t\u00fc tat ve kokudan b\u0131kt\u0131ysan\u0131z, iDent tam size g\u00f6re!<\/p>\n\t\t\t\t\t\t\t\t\t\t<h3 tabindex=\"0\">iDent Anne Adaylar\u0131 Ve Emzirme D\u00f6nemindeki Kad\u0131nlar \u0130\u00e7in Kullan\u0131ma Uygun Mudur?<\/h3>\n\t\t\t\t\t<p>iDent di\u015f macunu, for\u00fcr, SLS, SLES ve paraben i\u00e7ermeyen form\u00fcl\u00fc ile anne adaylar\u0131 ve emziren anne adaylar\u0131 i\u00e7in g\u00fcvenlidir<\/p>\n\t\t\t\t<img decoding=\"async\" src=\"https:\/\/ident.com.tr\/wp-content\/uploads\/2024\/02\/ident_logo-01.png\" alt=\"ident_logo-01\" title=\"ident_logo-01\" itemprop=\"image\"  \/>\n\t<p><a href=\"tel:08508402727\">+90 850 840 27 27<\/a>\u00a0 \u00a0 \u00a0 \u00a0 <a href=\"mailto:info@ident.com.tr\">info@ident.com.tr<\/a><\/p>","protected":false},"excerpt":{"rendered":"<p>iDent Nedir? iDent; aktif probiyotik &hellip;<\/p>\n<p class=\"read-more\"> <a class=\"\" href=\"https:\/\/ident.com.tr\/ar\/sikca-sorulan-sorular\"> <span class=\"screen-reader-text\">S\u0131k\u00e7a Sorulan Sorular<\/span> \u0627\u0642\u0631\u0623 \u0627\u0644\u0645\u0632\u064a\u062f \u00bb<\/a><\/p>","protected":false},"author":3,"featured_media":0,"parent":0,"menu_order":0,"comment_status":"closed","ping_status":"closed","template":"","meta":{"_uag_custom_page_level_css":"","site-sidebar-layout":"no-sidebar","site-content-layout":"page-builder","ast-site-content-layout":"full-width-container","site-content-style":"unboxed","site-sidebar-style":"unboxed","ast-global-header-display":"","ast-banner-title-visibility":"","ast-main-header-display":"","ast-hfb-above-header-display":"","ast-hfb-below-header-display":"","ast-hfb-mobile-header-display":"","site-post-title":"disabled","ast-breadcrumbs-content":"","ast-featured-img":"disabled","footer-sml-layout":"","theme-transparent-header-meta":"disabled","adv-header-id-meta":"","stick-header-meta":"","header-above-stick-meta":"","header-main-stick-meta":"","header-below-stick-meta":"","astra-migrate-meta-layouts":"set","footnotes":""},"class_list":["post-2712","page","type-page","status-publish","hentry"],"uagb_featured_image_src":{"full":false,"thumbnail":false,"medium":false,"medium_large":false,"large":false,"1536x1536":false,"2048x2048":false,"trp-custom-language-flag":false},"uagb_author_info":{"display_name":"Ali BARDIZ","author_link":"https:\/\/ident.com.tr\/ar\/author\/ali"},"uagb_comment_info":0,"uagb_excerpt":"iDent Nedir? iDent; aktif probiyotik &hellip; S\u0131k\u00e7a Sorulan Sorular \u0627\u0642\u0631\u0623 \u0627\u0644\u0645\u0632\u064a\u062f \u00bb","_links":{"self":[{"href":"https:\/\/ident.com.tr\/ar\/wp-json\/wp\/v2\/pages\/2712","targetHints":{"allow":["GET"]}}],"collection":[{"href":"https:\/\/ident.com.tr\/ar\/wp-json\/wp\/v2\/pages"}],"about":[{"href":"https:\/\/ident.com.tr\/ar\/wp-json\/wp\/v2\/types\/page"}],"author":[{"embeddable":true,"href":"https:\/\/ident.com.tr\/ar\/wp-json\/wp\/v2\/users\/3"}],"replies":[{"embeddable":true,"href":"https:\/\/ident.com.tr\/ar\/wp-json\/wp\/v2\/comments?post=2712"}],"version-history":[{"count":7,"href":"https:\/\/ident.com.tr\/ar\/wp-json\/wp\/v2\/pages\/2712\/revisions"}],"predecessor-version":[{"id":3220,"href":"https:\/\/ident.com.tr\/ar\/wp-json\/wp\/v2\/pages\/2712\/revisions\/3220"}],"wp:attachment":[{"href":"https:\/\/ident.com.tr\/ar\/wp-json\/wp\/v2\/media?parent=2712"}],"curies":[{"name":"wp","href":"https:\/\/api.w.org\/{rel}","templated":true}]}}