{"id":2720,"date":"2023-11-09T19:25:59","date_gmt":"2023-11-09T19:25:59","guid":{"rendered":"https:\/\/ident.com.tr\/?page_id=2720"},"modified":"2024-02-12T09:16:36","modified_gmt":"2024-02-12T09:16:36","slug":"blog","status":"publish","type":"page","link":"https:\/\/ident.com.tr\/ar\/blog","title":{"rendered":"Blog"},"content":{"rendered":"<h1>\n\t\tBlog\n\t<\/h1>\n\t<div class=\"ast-breadcrumbs-wrapper\">\n\t\t\t<div class=\"ast-breadcrumbs-inner\"><nav role=\"navigation\" aria-label=\"Breadcrumbs\" class=\"breadcrumb-trail breadcrumbs\" ><div class=\"ast-breadcrumbs\"><ul class=\"trail-items\" ><li  class=\"trail-item trail-end\"><span><a href=\"https:\/\/ident.com.tr\/ar\" rel=\"home\"><span >\u0627\u0644\u0631\u0626\u064a\u0633\u064a\u0629<\/span><\/a><\/span><\/li><\/ul><\/div><\/nav><\/div>\n\t\t<\/div>\n\t\t\t\t\t\t\t\t\t\t\t\t\t\t<a href=\"https:\/\/ident.com.tr\/ar\/dis-macunu-nasil-kullanilmali-copy\/\" target=\"_self\" title=\"Di\u015f Macunu Hakk\u0131nda Bilinmesi Gerekenler\" rel=\"noopener\">\n\t\t\t\t<img decoding=\"async\" src=\"https:\/\/ident.com.tr\/wp-content\/uploads\/2024\/02\/close-up-image-man-s-hands-holding-tube-squeezing-whitening-toothpaste-brush-300x200.jpg\" alt=\"\" \/>\n\t\t\t\t<\/a>\n\t\t\t\t\t\t<h2>\n\t\t\t\t<a href=\"https:\/\/ident.com.tr\/ar\/dis-macunu-nasil-kullanilmali-copy\/\" title=\"Di\u015f Macunu Hakk\u0131nda Bilinmesi Gerekenler\" tabindex=\"0\">Di\u015f Macunu Hakk\u0131nda Bilinmesi Gerekenler<\/a>\t\t\t<\/h2>\n\t\t\t<a href=\"https:\/\/ident.com.tr\/ar\/dis-macunu-nasil-kullanilmali-copy\/\" target=\"_self\" rel=\"noopener\">Devam\u0131n\u0131 Oku &#8594;<\/a>\t\t\n\t\t\t\t\t\t\t\t\t\t\t\t\t\t<a href=\"https:\/\/ident.com.tr\/ar\/dis-macunu-nasil-kullanilmali\/\" target=\"_self\" title=\"Di\u015f macunu nas\u0131l kullan\u0131lmal\u0131?\" rel=\"noopener\">\n\t\t\t\t<img decoding=\"async\" src=\"https:\/\/ident.com.tr\/wp-content\/uploads\/2024\/02\/happy-energetic-young-european-guy-with-stubble-holding-tooth-brush-with-whitening-paste-showing-thumbs-up-gesture-being-good-mood-300x200.jpg\" alt=\"\" \/>\n\t\t\t\t<\/a>\n\t\t\t\t\t\t<h2>\n\t\t\t\t<a href=\"https:\/\/ident.com.tr\/ar\/dis-macunu-nasil-kullanilmali\/\" title=\"Di\u015f macunu nas\u0131l kullan\u0131lmal\u0131?\" tabindex=\"0\">Di\u015f macunu nas\u0131l kullan\u0131lmal\u0131?<\/a>\t\t\t<\/h2>\n\t\t\t<a href=\"https:\/\/ident.com.tr\/ar\/dis-macunu-nasil-kullanilmali\/\" target=\"_self\" rel=\"noopener\">Devam\u0131n\u0131 Oku &#8594;<\/a>\t\t\n\t\t\t\t\t\t\t\t\t\t\t\t\t\t<a href=\"https:\/\/ident.com.tr\/ar\/tatar-ve-plaktan-nasil-kurtuluruz\/\" target=\"_self\" title=\"Tatar ve Plaktan Nas\u0131l Kurtuluruz\" rel=\"noopener\">\n\t\t\t\t<img decoding=\"async\" src=\"https:\/\/ident.com.tr\/wp-content\/uploads\/2024\/02\/nurse-practicing-layout-jaw-with-teeth-300x200.jpg\" alt=\"\" \/>\n\t\t\t\t<\/a>\n\t\t\t\t\t\t<h2>\n\t\t\t\t<a href=\"https:\/\/ident.com.tr\/ar\/tatar-ve-plaktan-nasil-kurtuluruz\/\" title=\"Tatar ve Plaktan Nas\u0131l Kurtuluruz\" tabindex=\"0\">Tatar ve Plaktan Nas\u0131l Kurtuluruz<\/a>\t\t\t<\/h2>\n\t\t\t<a href=\"https:\/\/ident.com.tr\/ar\/tatar-ve-plaktan-nasil-kurtuluruz\/\" target=\"_self\" rel=\"noopener\">Devam\u0131n\u0131 Oku &#8594;<\/a>\t\t\n\t\t\t\t\t\t\t\t\t\t\t\t\t\t<a href=\"https:\/\/ident.com.tr\/ar\/dislerinize-zarar-veren-aliskanliklar\/\" target=\"_self\" title=\"Di\u015flerinize Zarar Veren Al\u0131\u015fkanl\u0131klar\" rel=\"noopener\">\n\t\t\t\t<img decoding=\"async\" src=\"https:\/\/ident.com.tr\/wp-content\/uploads\/2024\/02\/woman-teeth-before-after-whitening-white-background-dental-clinic-patient-image-symbolizes-oral-care-dentistry-stomatology-300x200.jpg\" alt=\"\" \/>\n\t\t\t\t<\/a>\n\t\t\t\t\t\t<h2>\n\t\t\t\t<a href=\"https:\/\/ident.com.tr\/ar\/dislerinize-zarar-veren-aliskanliklar\/\" title=\"Di\u015flerinize Zarar Veren Al\u0131\u015fkanl\u0131klar\" tabindex=\"0\">Di\u015flerinize Zarar Veren Al\u0131\u015fkanl\u0131klar<\/a>\t\t\t<\/h2>\n\t\t\t<a href=\"https:\/\/ident.com.tr\/ar\/dislerinize-zarar-veren-aliskanliklar\/\" target=\"_self\" rel=\"noopener\">Devam\u0131n\u0131 Oku &#8594;<\/a>","protected":false},"excerpt":{"rendered":"<p>Di\u015f Macunu Hakk\u0131nda Bilinmesi Gerekenler &hellip;<\/p>\n<p class=\"read-more\"> <a class=\"\" href=\"https:\/\/ident.com.tr\/ar\/blog\"> <span class=\"screen-reader-text\">Blog<\/span> \u0627\u0642\u0631\u0623 \u0627\u0644\u0645\u0632\u064a\u062f \u00bb<\/a><\/p>","protected":false},"author":3,"featured_media":0,"parent":0,"menu_order":0,"comment_status":"closed","ping_status":"closed","template":"","meta":{"_uag_custom_page_level_css":"","site-sidebar-layout":"no-sidebar","site-content-layout":"page-builder","ast-site-content-layout":"full-width-container","site-content-style":"unboxed","site-sidebar-style":"unboxed","ast-global-header-display":"","ast-banner-title-visibility":"","ast-main-header-display":"","ast-hfb-above-header-display":"","ast-hfb-below-header-display":"","ast-hfb-mobile-header-display":"","site-post-title":"disabled","ast-breadcrumbs-content":"","ast-featured-img":"disabled","footer-sml-layout":"","theme-transparent-header-meta":"disabled","adv-header-id-meta":"","stick-header-meta":"","header-above-stick-meta":"","header-main-stick-meta":"","header-below-stick-meta":"","astra-migrate-meta-layouts":"set","footnotes":""},"class_list":["post-2720","page","type-page","status-publish","hentry"],"uagb_featured_image_src":{"full":false,"thumbnail":false,"medium":false,"medium_large":false,"large":false,"1536x1536":false,"2048x2048":false,"trp-custom-language-flag":false},"uagb_author_info":{"display_name":"Ali BARDIZ","author_link":"https:\/\/ident.com.tr\/ar\/author\/ali"},"uagb_comment_info":0,"uagb_excerpt":"Di\u015f Macunu Hakk\u0131nda Bilinmesi Gerekenler &hellip; Blog \u0627\u0642\u0631\u0623 \u0627\u0644\u0645\u0632\u064a\u062f \u00bb","_links":{"self":[{"href":"https:\/\/ident.com.tr\/ar\/wp-json\/wp\/v2\/pages\/2720","targetHints":{"allow":["GET"]}}],"collection":[{"href":"https:\/\/ident.com.tr\/ar\/wp-json\/wp\/v2\/pages"}],"about":[{"href":"https:\/\/ident.com.tr\/ar\/wp-json\/wp\/v2\/types\/page"}],"author":[{"embeddable":true,"href":"https:\/\/ident.com.tr\/ar\/wp-json\/wp\/v2\/users\/3"}],"replies":[{"embeddable":true,"href":"https:\/\/ident.com.tr\/ar\/wp-json\/wp\/v2\/comments?post=2720"}],"version-history":[{"count":10,"href":"https:\/\/ident.com.tr\/ar\/wp-json\/wp\/v2\/pages\/2720\/revisions"}],"predecessor-version":[{"id":3221,"href":"https:\/\/ident.com.tr\/ar\/wp-json\/wp\/v2\/pages\/2720\/revisions\/3221"}],"wp:attachment":[{"href":"https:\/\/ident.com.tr\/ar\/wp-json\/wp\/v2\/media?parent=2720"}],"curies":[{"name":"wp","href":"https:\/\/api.w.org\/{rel}","templated":true}]}}