{"id":633,"date":"2022-03-21T07:42:33","date_gmt":"2022-03-21T07:42:33","guid":{"rendered":"https:\/\/ident.com.tr\/about\/"},"modified":"2024-02-07T07:39:02","modified_gmt":"2024-02-07T07:39:02","slug":"kurumsal","status":"publish","type":"page","link":"https:\/\/ident.com.tr\/ar\/kurumsal","title":{"rendered":"Kurumsal"},"content":{"rendered":"<h1>\n\t\tKurumsal\n\t<\/h1>\n\t<div class=\"ast-breadcrumbs-wrapper\">\n\t\t\t<div class=\"ast-breadcrumbs-inner\"><nav role=\"navigation\" aria-label=\"Breadcrumbs\" class=\"breadcrumb-trail breadcrumbs\" ><div class=\"ast-breadcrumbs\"><ul class=\"trail-items\" ><li  class=\"trail-item trail-end\"><span><a href=\"https:\/\/ident.com.tr\/ar\" rel=\"home\"><span >\u0627\u0644\u0631\u0626\u064a\u0633\u064a\u0629<\/span><\/a><\/span><\/li><\/ul><\/div><\/nav><\/div>\n\t\t<\/div>\n\t<h3>\n\t\t\t\tHakk\u0131m\u0131zda\n\t\t\t<\/h3>\n\t<p>Firmam\u0131z, medikal \u00fcr\u00fcnlerin ithalat\u0131 ve da\u011f\u0131t\u0131m\u0131 konusunda uzmanla\u015fm\u0131\u015f k\u00f6kl\u00fc bir \u015firkettir. Amac\u0131m\u0131z, toplumun sa\u011fl\u0131\u011f\u0131n\u0131 korumak ve hizmet etmek i\u00e7in kaliteli ve yenilik\u00e7i \u00fcr\u00fcnler sunmakt\u0131r. M\u00fc\u015fteri memnuniyeti ve g\u00fcvenilirlik, i\u015fimizin merkezinde yer almaktad\u0131r.<\/p>\n<p class=\" translation-block\"><b>\u00dcr\u00fcnlerimiz CE sertifikal\u0131d\u0131r<span>&nbsp;<\/span><\/b><span>ve S\u0131n\u0131f III t\u0131bbi cihazlar i\u00e7in AB sa\u011fl\u0131k, g\u00fcvenlik ve \u00e7evre d\u00fczenlemelerine uygundur.<\/span><\/p>\n<p>&nbsp;<\/p>","protected":false},"excerpt":{"rendered":"<p>Hakk\u0131m\u0131zda Firmam\u0131z, medikal \u00fcr\u00fcnlerin ithalat\u0131 &hellip;<\/p>\n<p class=\"read-more\"> <a class=\"\" href=\"https:\/\/ident.com.tr\/ar\/kurumsal\"> <span class=\"screen-reader-text\">Kurumsal<\/span> \u0627\u0642\u0631\u0623 \u0627\u0644\u0645\u0632\u064a\u062f \u00bb<\/a><\/p>","protected":false},"author":2,"featured_media":0,"parent":0,"menu_order":0,"comment_status":"closed","ping_status":"closed","template":"","meta":{"_uag_custom_page_level_css":"","site-sidebar-layout":"no-sidebar","site-content-layout":"page-builder","ast-site-content-layout":"full-width-container","site-content-style":"unboxed","site-sidebar-style":"unboxed","ast-global-header-display":"","ast-banner-title-visibility":"","ast-main-header-display":"","ast-hfb-above-header-display":"","ast-hfb-below-header-display":"","ast-hfb-mobile-header-display":"","site-post-title":"disabled","ast-breadcrumbs-content":"","ast-featured-img":"disabled","footer-sml-layout":"","theme-transparent-header-meta":"disabled","adv-header-id-meta":"","stick-header-meta":"","header-above-stick-meta":"","header-main-stick-meta":"","header-below-stick-meta":"","astra-migrate-meta-layouts":"set","footnotes":""},"class_list":["post-633","page","type-page","status-publish","hentry"],"uagb_featured_image_src":{"full":false,"thumbnail":false,"medium":false,"medium_large":false,"large":false,"1536x1536":false,"2048x2048":false,"trp-custom-language-flag":false},"uagb_author_info":{"display_name":"Bora Y\u0131ld\u0131r\u0131m","author_link":"https:\/\/ident.com.tr\/ar\/author\/bora"},"uagb_comment_info":0,"uagb_excerpt":"Hakk\u0131m\u0131zda Firmam\u0131z, medikal \u00fcr\u00fcnlerin ithalat\u0131 &hellip; Kurumsal \u0627\u0642\u0631\u0623 \u0627\u0644\u0645\u0632\u064a\u062f \u00bb","_links":{"self":[{"href":"https:\/\/ident.com.tr\/ar\/wp-json\/wp\/v2\/pages\/633","targetHints":{"allow":["GET"]}}],"collection":[{"href":"https:\/\/ident.com.tr\/ar\/wp-json\/wp\/v2\/pages"}],"about":[{"href":"https:\/\/ident.com.tr\/ar\/wp-json\/wp\/v2\/types\/page"}],"author":[{"embeddable":true,"href":"https:\/\/ident.com.tr\/ar\/wp-json\/wp\/v2\/users\/2"}],"replies":[{"embeddable":true,"href":"https:\/\/ident.com.tr\/ar\/wp-json\/wp\/v2\/comments?post=633"}],"version-history":[{"count":2,"href":"https:\/\/ident.com.tr\/ar\/wp-json\/wp\/v2\/pages\/633\/revisions"}],"predecessor-version":[{"id":3026,"href":"https:\/\/ident.com.tr\/ar\/wp-json\/wp\/v2\/pages\/633\/revisions\/3026"}],"wp:attachment":[{"href":"https:\/\/ident.com.tr\/ar\/wp-json\/wp\/v2\/media?parent=633"}],"curies":[{"name":"wp","href":"https:\/\/api.w.org\/{rel}","templated":true}]}}