{"id":637,"date":"2022-03-21T07:42:33","date_gmt":"2022-03-21T07:42:33","guid":{"rendered":"https:\/\/ident.com.tr\/contact\/"},"modified":"2024-02-12T09:17:19","modified_gmt":"2024-02-12T09:17:19","slug":"iletisim","status":"publish","type":"page","link":"https:\/\/ident.com.tr\/ar\/iletisim","title":{"rendered":"\u0130leti\u015fim"},"content":{"rendered":"<h1>\n\t\t\u0130leti\u015fim\n\t<\/h1>\n\t<div class=\"ast-breadcrumbs-wrapper\">\n\t\t\t<div class=\"ast-breadcrumbs-inner\"><nav role=\"navigation\" aria-label=\"Breadcrumbs\" class=\"breadcrumb-trail breadcrumbs\" ><div class=\"ast-breadcrumbs\"><ul class=\"trail-items\" ><li  class=\"trail-item trail-end\"><span><a href=\"https:\/\/ident.com.tr\/ar\" rel=\"home\"><span >\u0627\u0644\u0631\u0626\u064a\u0633\u064a\u0629<\/span><\/a><\/span><\/li><\/ul><\/div><\/nav><\/div>\n\t\t<\/div>\n<h3>\n\t\t\u0130leti\u015fim Detaylar\u0131\n\t<\/h3>\n\t<ul>\n\t\t<li>\t\t\t\t\n\t\t<h5>Telefon Numaras\u0131<\/h5><p><a href=\"tel:08509402727\">0850 840 27 27<\/a><\/p><\/li>\t<\/ul>\n\t<ul>\n\t\t<li>\t\t\t\t\n\t\t<h5>E &#8211; Mail<\/h5><p><a href=\"mailto:info@ident.com.tr\">info@ident.com.tr<\/a><\/p><\/li>\t<\/ul>\n\t<h3>\n\t\t\t\tBizi takip edin\n\t\t\t<\/h3>\n<h3>\n\t\tBize Yaz\u0131n\n\t<\/h3>\n\t<div class=\"wpforms-container\" id=\"wpforms-2541\"><form id=\"wpforms-form-2541\" class=\"wpforms-validate wpforms-form wpforms-ajax-form\" data-formid=\"2541\" method=\"post\" enctype=\"multipart\/form-data\" action=\"\/ar\/wp-json\/wp\/v2\/pages\/637\" data-token=\"1845b9781be229774c28391d94a61030\" data-trp-original-action=\"\/ar\/wp-json\/wp\/v2\/pages\/637\"><noscript class=\"wpforms-error-noscript\">Please enable JavaScript in your browser to complete this form.<\/noscript><div class=\"wpforms-field-container\"><div id=\"wpforms-2541-field_0-container\" class=\"wpforms-field wpforms-field-name\" data-field-id=\"0\"><div class=\"wpforms-field-row wpforms-field-large\"><div class=\"wpforms-field-row-block wpforms-first wpforms-one-half\"><input type=\"text\" id=\"wpforms-2541-field_0\" class=\"wpforms-field-name-first wpforms-field-required\" name=\"wpforms[fields][0][first]\" placeholder=\"Ad\" required><label for=\"wpforms-2541-field_0\" class=\"wpforms-field-sublabel after wpforms-sublabel-hide\">First<\/label><\/div><div class=\"wpforms-field-row-block wpforms-one-half\"><input type=\"text\" id=\"wpforms-2541-field_0-last\" class=\"wpforms-field-name-last wpforms-field-required\" name=\"wpforms[fields][0][last]\" placeholder=\"Soyad\" required><label for=\"wpforms-2541-field_0-last\" class=\"wpforms-field-sublabel after wpforms-sublabel-hide\">Last<\/label><\/div><\/div><\/div><div id=\"wpforms-2541-field_1-container\" class=\"wpforms-field wpforms-field-email\" data-field-id=\"1\"><input type=\"email\" id=\"wpforms-2541-field_1\" class=\"wpforms-field-large wpforms-field-required\" name=\"wpforms[fields][1]\" placeholder=\"E-posta\" spellcheck=\"false\" required><\/div><div id=\"wpforms-2541-field_2-container\" class=\"wpforms-field wpforms-field-textarea\" data-field-id=\"2\"><textarea id=\"wpforms-2541-field_2\" class=\"wpforms-field-medium wpforms-field-required\" name=\"wpforms[fields][2]\" placeholder=\"Mesaj\u0131n\u0131z\" required><\/textarea><\/div><\/div><!-- .wpforms-field-container --><div class=\"wpforms-submit-container\" ><input type=\"hidden\" name=\"wpforms[id]\" value=\"2541\"><input type=\"hidden\" name=\"wpforms[author]\" value=\"2\"><button type=\"submit\" name=\"wpforms[submit]\" id=\"wpforms-submit-2541\" class=\"wpforms-submit\" data-alt-text=\"G\u00f6nderiliyor...\" data-submit-text=\"G\u00f6nder\" aria-live=\"assertive\" value=\"wpforms-submit\">G\u00f6nder<\/button><img loading=\"lazy\" decoding=\"async\" src=\"https:\/\/ident.com.tr\/wp-content\/plugins\/wpforms-lite\/assets\/images\/submit-spin.svg\" class=\"wpforms-submit-spinner\" style=\"display: none;\" width=\"26\" height=\"26\" alt=\"Loading\"><\/div><input type=\"hidden\" name=\"trp-form-language\" value=\"ar\"\/><\/form><\/div>  <!-- .wpforms-container -->\n\t<ul>\n\t\t<li>\t\t\t\t\n\t\t<h5>\u0130zmir Ofis<\/h5><p>Yaz\u0131ba\u015f\u0131 Mahallesi 9211 Nolu sokak No:7\u00a0 <br \/><strong>\u0130zmir \/ T\u00dcRK\u0130YE<\/strong><\/p><\/li>\t<\/ul>\n\t<iframe src=\"https:\/\/www.google.com\/maps\/embed?pb=!1m17!1m12!1m3!1d20137.150480345466!2d27.298459015973457!3d38.22039040060288!2m3!1f0!2f0!3f0!3m2!1i1024!2i768!4f13.1!3m2!1m1!2zMzjCsDEzJzEzLjEiTiAyN8KwMTgnMjUuMCJF!5e0!3m2!1str!2str!4v1707140271195!5m2!1str!2str\" width=\"600\" height=\"450\" allowfullscreen=\"\" loading=\"lazy\" referrerpolicy=\"no-referrer-when-downgrade\"><\/iframe>\n\t<ul>\n\t\t<li>\t\t\t\t\n\t\t<h5>Mersin Ofis<\/h5><p>Alsancak Mh. GMK Blv. CAP\u0130TAL Ticaret Merkezi. No:218 \/ 220 B Blok K : 9\/42 <strong>Toroslar \/ MERS\u0130N<\/strong><\/p><\/li>\t<\/ul>\n\t<iframe src=\"https:\/\/www.google.com\/maps\/embed?pb=!1m17!1m12!1m3!1d3195.046853900505!2d34.61278999999999!3d36.793427!2m3!1f0!2f0!3f0!3m2!1i1024!2i768!4f13.1!3m2!1m1!2zMzbCsDQ3JzM2LjMiTiAzNMKwMzYnNDYuMCJF!5e0!3m2!1str!2str!4v1707131322491!5m2!1str!2str\" width=\"100%\" height=\"450\" allowfullscreen=\"\" loading=\"lazy\" referrerpolicy=\"no-referrer-when-downgrade\"><\/iframe>\n\t<ul>\n\t\t<li>\t\t\t\t\n\t\t<h5>Bursa Ofis<\/h5><p>\u00c7al\u0131 Mah. 40. (410) Sok. A Blok Apt. No:4-A\/1 <br \/><strong>Nil\u00fcfer &#8211; Bursa \/ T\u00dcRK\u0130YE<\/strong><\/p><\/li>\t<\/ul>\n\t<iframe src=\"https:\/\/www.google.com\/maps\/embed?pb=!1m17!1m12!1m3!1d23633.932280203942!2d29.039791088923295!3d40.275049930156044!2m3!1f0!2f0!3f0!3m2!1i1024!2i768!4f13.1!3m2!1m1!2zNDDCsDE2JzMyLjIiTiAyOcKwMDInNTYuMyJF!5e0!3m2!1str!2str!4v1707140453092!5m2!1str!2str\" width=\"600\" height=\"450\" allowfullscreen=\"\" loading=\"lazy\" referrerpolicy=\"no-referrer-when-downgrade\"><\/iframe>\n\t<ul>\n\t\t<li>\t\t\t\t\n\t\t<h5>Antep Ofis<\/h5><p>M\u00fccahitler Mah. 52083 Nolu Sk. Yasem \u0130\u015f Merkezi 4. Kat 409<br \/>\u00a0<strong>Gaziantep \/ T\u00dcRK\u0130YE<\/strong><\/p><\/li>\t<\/ul>\n\t<iframe src=\"https:\/\/www.google.com\/maps\/embed?pb=!1m17!1m12!1m3!1d3195.046853900505!2d34.61278999999999!3d36.793427!2m3!1f0!2f0!3f0!3m2!1i1024!2i768!4f13.1!3m2!1m1!2zMzbCsDQ3JzM2LjMiTiAzNMKwMzYnNDYuMCJF!5e0!3m2!1str!2str!4v1707131322491!5m2!1str!2str\" width=\"100%\" height=\"450\" allowfullscreen=\"\" loading=\"lazy\" referrerpolicy=\"no-referrer-when-downgrade\"><\/iframe>\n\t<ul>\n\t\t<li>\t\t\t\t\n\t\t<h5>Mu\u015f Ofis<\/h5><p>Sunay Mah. Atat\u00fcrk Blv. Akdenizevleri Koop. C Blok No:226, 49100 <br \/><strong>Merkez &#8211; Mu\u015f \/ T\u00dcRK\u0130YE<\/strong><\/p><\/li>\t<\/ul>\n\t<iframe src=\"https:\/\/www.google.com\/maps\/embed?pb=!1m17!1m12!1m3!1d8359.9248658679!2d41.50101445112922!3d38.745550235844334!2m3!1f0!2f0!3f0!3m2!1i1024!2i768!4f13.1!3m2!1m1!2zMzjCsDQ0JzQzLjkiTiA0McKwMzAnMDQuOCJF!5e0!3m2!1str!2str!4v1707140888411!5m2!1str!2str\" width=\"600\" height=\"450\" allowfullscreen=\"\" loading=\"lazy\" referrerpolicy=\"no-referrer-when-downgrade\"><\/iframe>\n\t<ul>\n\t\t<li>\t\t\t\t\n\t\t<h5>Almanya Ofis<\/h5><p>Ziegeleiweg 26 25431 <strong><br \/>Pinneberg \/ ALMANYA<\/strong><\/p><\/li>\t<\/ul>\n\t<iframe src=\"https:\/\/www.google.com\/maps\/embed?pb=!1m17!1m12!1m3!1d3195.046853900505!2d34.61278999999999!3d36.793427!2m3!1f0!2f0!3f0!3m2!1i1024!2i768!4f13.1!3m2!1m1!2zMzbCsDQ3JzM2LjMiTiAzNMKwMzYnNDYuMCJF!5e0!3m2!1str!2str!4v1707131322491!5m2!1str!2str\" width=\"100%\" height=\"450\" allowfullscreen=\"\" loading=\"lazy\" referrerpolicy=\"no-referrer-when-downgrade\"><\/iframe>\n\t\t\t\t<img decoding=\"async\" src=\"https:\/\/ident.com.tr\/wp-content\/uploads\/2024\/02\/ident_logo-01.png\" alt=\"ident_logo-01\" title=\"ident_logo-01\" itemprop=\"image\"  \/>\n\t<p><a href=\"tel:08508402727\">+90 850 840 27 27<\/a>\u00a0 \u00a0 \u00a0 \u00a0 <a href=\"mailto:info@ident.com.tr\">info@ident.com.tr<\/a><\/p>","protected":false},"excerpt":{"rendered":"<p>\u0130leti\u015fim Detaylar\u0131 Telefon Numaras\u0131 0850 &hellip;<\/p>\n<p class=\"read-more\"> <a class=\"\" href=\"https:\/\/ident.com.tr\/ar\/iletisim\"> <span class=\"screen-reader-text\">\u0130leti\u015fim<\/span> \u0627\u0642\u0631\u0623 \u0627\u0644\u0645\u0632\u064a\u062f \u00bb<\/a><\/p>","protected":false},"author":2,"featured_media":0,"parent":0,"menu_order":0,"comment_status":"closed","ping_status":"closed","template":"","meta":{"_uag_custom_page_level_css":"","site-sidebar-layout":"no-sidebar","site-content-layout":"page-builder","ast-site-content-layout":"full-width-container","site-content-style":"unboxed","site-sidebar-style":"unboxed","ast-global-header-display":"","ast-banner-title-visibility":"","ast-main-header-display":"","ast-hfb-above-header-display":"","ast-hfb-below-header-display":"","ast-hfb-mobile-header-display":"","site-post-title":"disabled","ast-breadcrumbs-content":"","ast-featured-img":"disabled","footer-sml-layout":"","theme-transparent-header-meta":"disabled","adv-header-id-meta":"","stick-header-meta":"","header-above-stick-meta":"","header-main-stick-meta":"","header-below-stick-meta":"","astra-migrate-meta-layouts":"set","footnotes":""},"class_list":["post-637","page","type-page","status-publish","hentry"],"uagb_featured_image_src":{"full":false,"thumbnail":false,"medium":false,"medium_large":false,"large":false,"1536x1536":false,"2048x2048":false,"trp-custom-language-flag":false},"uagb_author_info":{"display_name":"Bora Y\u0131ld\u0131r\u0131m","author_link":"https:\/\/ident.com.tr\/ar\/author\/bora"},"uagb_comment_info":0,"uagb_excerpt":"\u0130leti\u015fim Detaylar\u0131 Telefon Numaras\u0131 0850 &hellip; \u0130leti\u015fim \u0627\u0642\u0631\u0623 \u0627\u0644\u0645\u0632\u064a\u062f \u00bb","_links":{"self":[{"href":"https:\/\/ident.com.tr\/ar\/wp-json\/wp\/v2\/pages\/637","targetHints":{"allow":["GET"]}}],"collection":[{"href":"https:\/\/ident.com.tr\/ar\/wp-json\/wp\/v2\/pages"}],"about":[{"href":"https:\/\/ident.com.tr\/ar\/wp-json\/wp\/v2\/types\/page"}],"author":[{"embeddable":true,"href":"https:\/\/ident.com.tr\/ar\/wp-json\/wp\/v2\/users\/2"}],"replies":[{"embeddable":true,"href":"https:\/\/ident.com.tr\/ar\/wp-json\/wp\/v2\/comments?post=637"}],"version-history":[{"count":12,"href":"https:\/\/ident.com.tr\/ar\/wp-json\/wp\/v2\/pages\/637\/revisions"}],"predecessor-version":[{"id":3222,"href":"https:\/\/ident.com.tr\/ar\/wp-json\/wp\/v2\/pages\/637\/revisions\/3222"}],"wp:attachment":[{"href":"https:\/\/ident.com.tr\/ar\/wp-json\/wp\/v2\/media?parent=637"}],"curies":[{"name":"wp","href":"https:\/\/api.w.org\/{rel}","templated":true}]}}