{"id":2724,"date":"2023-11-09T19:28:52","date_gmt":"2023-11-09T19:28:52","guid":{"rendered":"https:\/\/ident.com.tr\/?page_id=2724"},"modified":"2024-02-12T08:54:15","modified_gmt":"2024-02-12T08:54:15","slug":"gizlilik-sozlesmesi","status":"publish","type":"page","link":"https:\/\/ident.com.tr\/en\/kurumsal\/gizlilik-sozlesmesi","title":{"rendered":"Gizlilik S\u00f6zle\u015fmesi"},"content":{"rendered":"<h1>\n\t\tGizlilik S\u00f6zle\u015fmesi\n\t<\/h1>\n\t<div class=\"ast-breadcrumbs-wrapper\">\n\t\t\t<div class=\"ast-breadcrumbs-inner\"><nav role=\"navigation\" aria-label=\"Breadcrumbs\" class=\"breadcrumb-trail breadcrumbs\" ><div class=\"ast-breadcrumbs\"><ul class=\"trail-items\" ><li  class=\"trail-item trail-end\"><span><a href=\"https:\/\/ident.com.tr\/en\" rel=\"home\"><span >Home<\/span><\/a><\/span><\/li><\/ul><\/div><\/nav><\/div>\n\t\t<\/div>\n\t\t\t\t<img decoding=\"async\" src=\"https:\/\/ident.com.tr\/wp-content\/plugins\/bb-plugin\/img\/pixel.png\" alt=\"\" itemprop=\"image\" onerror=\"this.style.display='none'\"  \/>\n\t\t\t\t<img loading=\"lazy\" decoding=\"async\" src=\"https:\/\/ident.com.tr\/wp-content\/uploads\/2024\/02\/iptalveiade-1.jpg\" alt=\"iptalveiade\" itemprop=\"image\" height=\"400\" width=\"1320\" title=\"iptalveiade\" onerror=\"this.style.display='none'\"  \/>\n\t<h3>\n\t\t\t\tGizlilik S\u00f6zle\u015fmesi\n\t\t\t<\/h3>\n\t\t<p>iDent , \u00fcye ve m\u00fc\u015fterilerinin eposta adresleri ve di\u011fer ki\u015fisel bilgilerini \u00fc\u00e7\u00fcnc\u00fc ki\u015filerle herhangi bir nedenle ile a\u00e7\u0131klamaz, satmaz, payla\u015fmaz ve k\u00f6t\u00fcye kullanmaz.<br \/>iDent, g\u00fcvenli\u011finiz i\u00e7in kredi kart\u0131 bilgilerinizi hi\u00e7bir \u015fekilde saklamaz ve dolay\u0131s\u0131yla bu t\u00fcr bilgilerinizi \u00fcyelik bilgileri \u00e7er\u00e7evesinde sormaz. Al\u0131\u015fveri\u015f esnas\u0131nda \u015firketimiz \u00e7al\u0131\u015fanlar\u0131 dahil olmak \u00fczere hi\u00e7 kimse kredi kart\u0131 bilgilerinizi g\u00f6remez. Kredi kart\u0131 bilgileriniz ile ilgili bankalar aras\u0131ndaki ili\u015fki en \u00fcst g\u00fcvenlik \u00f6nlemleri \u00e7er\u00e7evesinde ikili olarak ger\u00e7ekle\u015ftirilir.<br \/>Sitemizde al\u0131\u015fveri\u015f sepetinizin takibi ve ayn\u0131 reklamlar\u0131n art arda g\u00f6r\u00fclmesini engellenmek i\u00e7in IP adresinizden ve tan\u0131mlama bilgisinden (\u00e7erezden-cookies) yararlanabilirsiniz. Tan\u0131mlama bilgisi do\u011frultusunda ilgi alanlar\u0131n\u0131z soruldu\u011funda i\u00e7erik sunumu ve tekrar tekrar \u015fifre girmemeniz i\u00e7in \u015fifrenizin saklanmas\u0131 gibi konulardan da yararlanabilirsiniz.<br \/>\u00dcye ve ziyaret\u00e7ilerin site ile ilgili taraf\u0131m\u0131za ula\u015ft\u0131rd\u0131klar\u0131 her t\u00fcrl\u00fc istek, \u00f6neri ve sorular\u0131 i\u00e7eren bilgiler site performans\u0131n\u0131 \u00f6l\u00e7mek a\u00e7\u0131s\u0131ndan saklanmaktad\u0131r. Bu bilgiler kullan\u0131c\u0131lara yan\u0131t vermek d\u0131\u015f\u0131nda herhangi bir ama\u00e7 i\u00e7in kullan\u0131lamaz.<br \/>iDent&#8217;de yay\u0131nlanan hi\u00e7bir yaz\u0131 ya da grafik \u00fc\u00e7\u00fcnc\u00fc ki\u015filer taraf\u0131ndan izinsiz kullan\u0131lamaz. Bu sitede yay\u0131nlanan her t\u00fcrl\u00fc metin, g\u00f6rsel, ses i\u00e7eriklerinin hakk\u0131 sakl\u0131 olup yaz\u0131l\u0131 onay al\u0131nmadan bir k\u0131sm\u0131n\u0131n veya hepsinin fiziki veya elektronik bir ortamda kopyalanmas\u0131, \u00e7o\u011falt\u0131lmas\u0131, da\u011f\u0131t\u0131lmas\u0131 veya yeniden yay\u0131nlanmas\u0131 yasak olup aksi belirtilmedi\u011fi s\u00fcrece yasal h\u00fck\u00fcml\u00fcl\u00fck alt\u0131na sokar.<\/p>\t\n\t\t\t\t<img decoding=\"async\" src=\"https:\/\/ident.com.tr\/wp-content\/uploads\/2024\/02\/ident_logo-01.png\" alt=\"ident_logo-01\" title=\"ident_logo-01\" itemprop=\"image\"  \/>\n\t<p><a href=\"tel:08508402727\">+90 850 840 27 27<\/a>\u00a0 \u00a0 \u00a0 \u00a0 <a href=\"mailto:info@ident.com.tr\">info@ident.com.tr<\/a><\/p>","protected":false},"excerpt":{"rendered":"<p>Gizlilik S\u00f6zle\u015fmesi iDent , \u00fcye &hellip;<\/p>\n<p class=\"read-more\"> <a class=\"\" href=\"https:\/\/ident.com.tr\/en\/kurumsal\/gizlilik-sozlesmesi\"> <span class=\"screen-reader-text\">Gizlilik S\u00f6zle\u015fmesi<\/span> Read More \u00bb<\/a><\/p>","protected":false},"author":3,"featured_media":0,"parent":633,"menu_order":0,"comment_status":"closed","ping_status":"closed","template":"","meta":{"_uag_custom_page_level_css":"","site-sidebar-layout":"no-sidebar","site-content-layout":"page-builder","ast-site-content-layout":"full-width-container","site-content-style":"unboxed","site-sidebar-style":"unboxed","ast-global-header-display":"","ast-banner-title-visibility":"","ast-main-header-display":"","ast-hfb-above-header-display":"","ast-hfb-below-header-display":"","ast-hfb-mobile-header-display":"","site-post-title":"disabled","ast-breadcrumbs-content":"","ast-featured-img":"disabled","footer-sml-layout":"","theme-transparent-header-meta":"disabled","adv-header-id-meta":"","stick-header-meta":"","header-above-stick-meta":"","header-main-stick-meta":"","header-below-stick-meta":"","astra-migrate-meta-layouts":"set","footnotes":""},"class_list":["post-2724","page","type-page","status-publish","hentry"],"uagb_featured_image_src":{"full":false,"thumbnail":false,"medium":false,"medium_large":false,"large":false,"1536x1536":false,"2048x2048":false,"trp-custom-language-flag":false},"uagb_author_info":{"display_name":"Ali BARDIZ","author_link":"https:\/\/ident.com.tr\/en\/author\/ali"},"uagb_comment_info":0,"uagb_excerpt":"Gizlilik S\u00f6zle\u015fmesi iDent , \u00fcye &hellip; Gizlilik S\u00f6zle\u015fmesi Read More \u00bb","_links":{"self":[{"href":"https:\/\/ident.com.tr\/en\/wp-json\/wp\/v2\/pages\/2724","targetHints":{"allow":["GET"]}}],"collection":[{"href":"https:\/\/ident.com.tr\/en\/wp-json\/wp\/v2\/pages"}],"about":[{"href":"https:\/\/ident.com.tr\/en\/wp-json\/wp\/v2\/types\/page"}],"author":[{"embeddable":true,"href":"https:\/\/ident.com.tr\/en\/wp-json\/wp\/v2\/users\/3"}],"replies":[{"embeddable":true,"href":"https:\/\/ident.com.tr\/en\/wp-json\/wp\/v2\/comments?post=2724"}],"version-history":[{"count":12,"href":"https:\/\/ident.com.tr\/en\/wp-json\/wp\/v2\/pages\/2724\/revisions"}],"predecessor-version":[{"id":3190,"href":"https:\/\/ident.com.tr\/en\/wp-json\/wp\/v2\/pages\/2724\/revisions\/3190"}],"up":[{"embeddable":true,"href":"https:\/\/ident.com.tr\/en\/wp-json\/wp\/v2\/pages\/633"}],"wp:attachment":[{"href":"https:\/\/ident.com.tr\/en\/wp-json\/wp\/v2\/media?parent=2724"}],"curies":[{"name":"wp","href":"https:\/\/api.w.org\/{rel}","templated":true}]}}