{"id":2956,"date":"2024-02-05T14:34:50","date_gmt":"2024-02-05T14:34:50","guid":{"rendered":"https:\/\/ident.com.tr\/?page_id=2956"},"modified":"2024-02-12T09:19:34","modified_gmt":"2024-02-12T09:19:34","slug":"cerez-politikasi","status":"publish","type":"page","link":"https:\/\/ident.com.tr\/en\/kurumsal\/cerez-politikasi","title":{"rendered":"\u00c7erez Politikas\u0131"},"content":{"rendered":"<h1>\n\t\t\u00c7erez Politikas\u0131\n\t<\/h1>\n\t<div class=\"ast-breadcrumbs-wrapper\">\n\t\t\t<div class=\"ast-breadcrumbs-inner\"><nav role=\"navigation\" aria-label=\"Breadcrumbs\" class=\"breadcrumb-trail breadcrumbs\" ><div class=\"ast-breadcrumbs\"><ul class=\"trail-items\" ><li  class=\"trail-item trail-end\"><span><a href=\"https:\/\/ident.com.tr\/en\" rel=\"home\"><span >Home<\/span><\/a><\/span><\/li><\/ul><\/div><\/nav><\/div>\n\t\t<\/div>\n\t\t\t\t<img loading=\"lazy\" decoding=\"async\" src=\"https:\/\/ident.com.tr\/wp-content\/uploads\/2024\/02\/cerezpolitikasi1.jpg\" alt=\"c\u0327erezpolitikas\u01311\" itemprop=\"image\" height=\"400\" width=\"1320\" title=\"c\u0327erezpolitikas\u01311\" onerror=\"this.style.display='none'\"  \/>\n\t<p>\u0130nternet sitemizden en verimli \u015fekilde faydalanabilmeniz ve kullan\u0131c\u0131 deneyiminizi geli\u015ftirebilmek i\u00e7in Cookie kullan\u0131yoruz. Web sitemize giri\u015f yapt\u0131\u011f\u0131n\u0131z zaman, sizlere, Cookie kullan\u0131m\u0131 kabul edip etmedi\u011finize dair bir soru sorulmaktad\u0131r. &#8216;Kabul Et&#8217; se\u00e7ene\u011fini se\u00e7tikten sonra Cookie&#8217;ler aktif olacakt\u0131r. Sonradan fikrinizi de\u011fi\u015ftirirseniz ve Cookie kullan\u0131lmas\u0131n\u0131 tercih etmezseniz taray\u0131c\u0131n\u0131z\u0131n ayarlar\u0131ndan Cookie&#8217;leri her zaman silebilir ya da engelleyebilirsiniz. Ancak bunun internet sitemizi kullan\u0131m\u0131n\u0131z\u0131 etkileyebilece\u011fini hat\u0131rlatmak isteriz. Taray\u0131c\u0131n\u0131zdan Cookie ayarlar\u0131n\u0131z\u0131 de\u011fi\u015ftirmedi\u011finiz s\u00fcrece bu sitede Cookie&#8217;ler kullan\u0131lmaya devam edecektir. Cookie&#8217;lerin hangi ama\u00e7la kullan\u0131ld\u0131\u011f\u0131 ve ne kadar s\u00fcre depoland\u0131\u011f\u0131 a\u015fa\u011f\u0131da belirtilmektedir. Sitemizde yer alan servislerin kullan\u0131m\u0131 i\u00e7in bizimle do\u011frudan veya dolayl\u0131 olarak baz\u0131 bilgi ve veriler payla\u015fmaktas\u0131n\u0131z. Bu bilgiler siteye kay\u0131t olurken verdi\u011finiz ki\u015fisel bilgiler (isim, e-posta adresi, telefon gibi) veya siteyi kullan\u0131m\u0131n\u0131z (ileti\u015fim formunu kullan\u0131rken, yorum yaparken vb.) esnas\u0131nda toplad\u0131\u011f\u0131m\u0131z bilgilerdir (IP, cihaz, konum ve taray\u0131c\u0131 bilgileri, gezinti ve etkile\u015fim i\u00e7eri\u011fi, tarih ve ba\u011flant\u0131 s\u00fcresi gibi veriler). Bilgi ve verilerinizi saklama konusunda azami \u00f6zeni g\u00f6stermekteyiz. Web sitemiz, sunucumuzda depolanan Cookie verilerinizi 3. parti ki\u015filer ile payla\u015f\u0131lmamaktad\u0131r. Sitede bulunan harici hizmetler (Canl\u0131 Destek eklentisi, Facebook eklentisi, YouTube videosu, Twitter i\u00e7eri\u011fi vb.) taraf\u0131ndan depolanan Cookie verileriniz ise harici hizmetlerin sorumlulu\u011fundad\u0131r. Bunun i\u00e7in; &#8216;Ayd\u0131nlatma Metni&#8217;, &#8216;KVKK&#8217; ve &#8216;Gizlilik Politikas\u0131&#8217; sayfalar\u0131m\u0131za g\u00f6z at\u0131n\u0131z.<\/p>\n<h2>\n\t\t\u0130nternet Sitesinde Kullan\u0131lan \u00c7erezler\n\t<\/h2>\n\t<h3>\n\t\t\t\t\u00c7erez Nedir ve Neden Kullan\u0131lmaktad\u0131r?\n\t\t\t<\/h3>\n\t\t<p>\u00c7erezler, ziyaret etti\u011finiz internet siteleri taraf\u0131ndan taray\u0131c\u0131lar arac\u0131l\u0131\u011f\u0131yla cihaz\u0131n\u0131za veya a\u011f sunucusuna depolanan k\u00fc\u00e7\u00fck metin (veri) dosyalar\u0131d\u0131r.\u0130nternet Sitesinin i\u015flevselli\u011fini ve performans\u0131n\u0131 artt\u0131rmak yoluyla sizlere sunulan hizmetleri geli\u015ftirmek,<br \/>\u0130nternet Sitesini iyile\u015ftirmek, \u0130nternet Sitesi \u00fczerinden yeni \u00f6zellikler sunmak ve sunulan \u00f6zellikleri sizlerin tercihlerine g\u00f6re ki\u015fiselle\u015ftirmek,<br \/>\u0130nternet Sitesinin, sizin ve \u015firketimizin (veya i\u015fletmemizin, sitemizin vb.) hukuki ve ticari g\u00fcvenli\u011finin teminini sa\u011flamak.<\/p>\t\n\t<h3>\n\t\t\t\t\u00c7erez T\u00fcrleri\n\t\t\t<\/h3>\n\t\t<p>Ana kullan\u0131m amac\u0131 kullan\u0131c\u0131lara kolayl\u0131k sa\u011flamak olan \u00e7erezler, temel olarak 4 ana grupta toplanmaktad\u0131r:<\/p>\t\n\t<h3>\n\t\t\t\tOturum \u00c7erezleri\n\t\t\t<\/h3>\n\t\t<p>\u0130nternet sayfalar\u0131 aras\u0131nda bilgi ta\u015f\u0131nmas\u0131 ve kullan\u0131c\u0131 taraf\u0131ndan girilen bilgilerin sistemsel olarak hat\u0131rlanmas\u0131 gibi \u00e7e\u015fitli \u00f6zelliklerden faydalanmaya olanak sa\u011flayan \u00e7erezlerdir ve internet sitesine ait fonksiyonlar\u0131n d\u00fczg\u00fcn bir \u015fekilde i\u015fleyebilmesi i\u00e7in gereklidir.<\/p>\t\n\t<h3>\n\t\t\t\tPerformans \u00c7erezleri\n\t\t\t<\/h3>\n\t\t<p>Sayfalar\u0131n ziyaret edilme frekans\u0131, olas\u0131 hata iletileri, kullan\u0131c\u0131lar\u0131n ilgili sayfada harcad\u0131klar\u0131 toplam zaman ile birlikte siteyi kullan\u0131m \u015fekilleri konular\u0131nda bilgi toplayan \u00e7erezlerdir ve internet sitesinin performans\u0131n\u0131 artt\u0131rma amac\u0131yla kullan\u0131lmaktad\u0131r.<\/p>\t\n\t<h3>\n\t\t\t\tFonksiyonel \u00c7erezler\n\t\t\t<\/h3>\n\t\t<p>Kullan\u0131c\u0131ya kolayl\u0131k sa\u011flanmas\u0131 amac\u0131yla \u00f6nceden se\u00e7ili olan se\u00e7eneklerin hat\u0131rlat\u0131lmas\u0131n\u0131 sa\u011flayan \u00e7erezlerdir ve internet sitesi kapsam\u0131nda kullan\u0131c\u0131lara geli\u015fmi\u015f internet \u00f6zellikleri sa\u011flanmas\u0131n\u0131 hedeflemektedir.<\/p>\t\n\t<h3>\n\t\t\t\tReklam ve \u00dc\u00e7\u00fcnc\u00fc Taraf \u00c7erezleri\n\t\t\t<\/h3>\n\t\t<p>\u00dc\u00e7\u00fcnc\u00fc parti tedarik\u00e7ilere ait \u00e7erezlerdir ve internet sitesindeki baz\u0131 fonksiyonlar\u0131n kullan\u0131m\u0131na ve reklam takibinin yap\u0131lmas\u0131na (uygun reklam g\u00f6sterilmesine) olanak sa\u011flamaktad\u0131r.<\/p>\t\n\t<h3>\n\t\t\t\t\u00c7erezlerin Kullan\u0131m Ama\u00e7lar\u0131\n\t\t\t<\/h3>\n\t\t<p>www.ident.com.tr taraf\u0131ndan kullan\u0131lmakta olan \u00e7erezlere ait kullan\u0131m ama\u00e7lar\u0131 a\u015fa\u011f\u0131daki gibidir:<strong>G\u00fcvenlik ama\u00e7l\u0131 kullan\u0131mlar:<\/strong> ident.com.tr, sistemlerinin idaresi ve g\u00fcvenli\u011finin sa\u011flanmas\u0131 amac\u0131yla, bu sitedeki fonksiyonlardan yararlanmay\u0131 sa\u011flayan veyahut d\u00fczensiz davran\u0131\u015flar\u0131 tespit eden \u00e7erezler kullanabilmektedir.<strong>\u0130\u015flevselli\u011fe y\u00f6nelik kullan\u0131mlar:<\/strong> ident.com.tr, sistemlerinin kullan\u0131m\u0131n\u0131 kolayla\u015ft\u0131rmak ve kullan\u0131c\u0131 \u00f6zelinde kullan\u0131m \u00f6zellikleri sa\u011flamak amac\u0131yla, kullan\u0131c\u0131lar\u0131n bilgilerini ve ge\u00e7mi\u015f se\u00e7imlerini hat\u0131rlatan \u00e7erezler kullanabilmektedir.<strong>Performansa y\u00f6nelik kullan\u0131mlar:<\/strong> ident.com.tr, sistemlerinin performans\u0131n\u0131n art\u0131r\u0131lmas\u0131 ve \u00f6l\u00e7\u00fclmesi amac\u0131yla, g\u00f6nderilen iletilerle olan etkile\u015fimi ve kullan\u0131c\u0131 davran\u0131\u015flar\u0131n\u0131 de\u011ferlendiren ve analiz eden \u00e7erezler kullanabilmektedir.<strong>Reklam ama\u00e7l\u0131 kullan\u0131mlar:<\/strong> ident.com.tr, kendine veya \u00fc\u00e7\u00fcnc\u00fc taraflara ait sistemlerin \u00fczerinden kullan\u0131c\u0131lar\u0131n ilgi alanlar\u0131 kapsam\u0131nda reklam ve benzeri i\u00e7eriklerin iletilmesi amac\u0131yla, bu reklamlar\u0131n etkinli\u011fini \u00f6l\u00e7en veya t\u0131klanma durumunu analiz eden \u00e7erezler kullanabilmektedir.<\/p>\t\n\t\t\t\t<img decoding=\"async\" src=\"https:\/\/ident.com.tr\/wp-content\/uploads\/2024\/02\/ident_logo-01.png\" alt=\"ident_logo-01\" title=\"ident_logo-01\" itemprop=\"image\"  \/>\n\t<p><a href=\"tel:08508402727\">+90 850 840 27 27<\/a>\u00a0 \u00a0 \u00a0 \u00a0 <a href=\"mailto:info@ident.com.tr\">info@ident.com.tr<\/a><\/p>","protected":false},"excerpt":{"rendered":"<p>\u0130nternet sitemizden en verimli \u015fekilde &hellip;<\/p>\n<p class=\"read-more\"> <a class=\"\" href=\"https:\/\/ident.com.tr\/en\/kurumsal\/cerez-politikasi\"> <span class=\"screen-reader-text\">\u00c7erez Politikas\u0131<\/span> Read More \u00bb<\/a><\/p>","protected":false},"author":2,"featured_media":0,"parent":633,"menu_order":0,"comment_status":"closed","ping_status":"closed","template":"","meta":{"_uag_custom_page_level_css":"","site-sidebar-layout":"no-sidebar","site-content-layout":"page-builder","ast-site-content-layout":"full-width-container","site-content-style":"unboxed","site-sidebar-style":"unboxed","ast-global-header-display":"","ast-banner-title-visibility":"","ast-main-header-display":"","ast-hfb-above-header-display":"","ast-hfb-below-header-display":"","ast-hfb-mobile-header-display":"","site-post-title":"disabled","ast-breadcrumbs-content":"","ast-featured-img":"disabled","footer-sml-layout":"","theme-transparent-header-meta":"disabled","adv-header-id-meta":"","stick-header-meta":"","header-above-stick-meta":"","header-main-stick-meta":"","header-below-stick-meta":"","astra-migrate-meta-layouts":"set","footnotes":""},"class_list":["post-2956","page","type-page","status-publish","hentry"],"uagb_featured_image_src":{"full":false,"thumbnail":false,"medium":false,"medium_large":false,"large":false,"1536x1536":false,"2048x2048":false,"trp-custom-language-flag":false},"uagb_author_info":{"display_name":"Bora Y\u0131ld\u0131r\u0131m","author_link":"https:\/\/ident.com.tr\/en\/author\/bora"},"uagb_comment_info":0,"uagb_excerpt":"\u0130nternet sitemizden en verimli \u015fekilde &hellip; \u00c7erez Politikas\u0131 Read More \u00bb","_links":{"self":[{"href":"https:\/\/ident.com.tr\/en\/wp-json\/wp\/v2\/pages\/2956","targetHints":{"allow":["GET"]}}],"collection":[{"href":"https:\/\/ident.com.tr\/en\/wp-json\/wp\/v2\/pages"}],"about":[{"href":"https:\/\/ident.com.tr\/en\/wp-json\/wp\/v2\/types\/page"}],"author":[{"embeddable":true,"href":"https:\/\/ident.com.tr\/en\/wp-json\/wp\/v2\/users\/2"}],"replies":[{"embeddable":true,"href":"https:\/\/ident.com.tr\/en\/wp-json\/wp\/v2\/comments?post=2956"}],"version-history":[{"count":11,"href":"https:\/\/ident.com.tr\/en\/wp-json\/wp\/v2\/pages\/2956\/revisions"}],"predecessor-version":[{"id":3223,"href":"https:\/\/ident.com.tr\/en\/wp-json\/wp\/v2\/pages\/2956\/revisions\/3223"}],"up":[{"embeddable":true,"href":"https:\/\/ident.com.tr\/en\/wp-json\/wp\/v2\/pages\/633"}],"wp:attachment":[{"href":"https:\/\/ident.com.tr\/en\/wp-json\/wp\/v2\/media?parent=2956"}],"curies":[{"name":"wp","href":"https:\/\/api.w.org\/{rel}","templated":true}]}}