{"id":3197,"date":"2024-02-09T10:14:41","date_gmt":"2024-02-09T10:14:41","guid":{"rendered":"https:\/\/ident.com.tr\/?page_id=3197"},"modified":"2024-02-09T10:14:41","modified_gmt":"2024-02-09T10:14:41","slug":"urunlerimiz","status":"publish","type":"page","link":"https:\/\/ident.com.tr\/en\/urunlerimiz","title":{"rendered":"\u00dcr\u00fcnlerimiz"},"content":{"rendered":"<h1>\n\t\t\u00dcr\u00fcnlerimiz\n\t<\/h1>\n\t<div class=\"ast-breadcrumbs-wrapper\">\n\t\t\t<div class=\"ast-breadcrumbs-inner\"><nav role=\"navigation\" aria-label=\"Breadcrumbs\" class=\"breadcrumb-trail breadcrumbs\" ><div class=\"ast-breadcrumbs\"><ul class=\"trail-items\" ><li  class=\"trail-item trail-end\"><span><a href=\"https:\/\/ident.com.tr\/en\" rel=\"home\"><span >Home<\/span><\/a><\/span><\/li><\/ul><\/div><\/nav><\/div>\n\t\t<\/div>\n\t\t\t\t<img decoding=\"async\" src=\"https:\/\/ident.com.tr\/wp-content\/uploads\/2024\/02\/calisma.png\" alt=\"c\u0327al\u0131s\u0327ma\" title=\"c\u0327al\u0131s\u0327ma\" itemprop=\"image\"  \/>\n\t<h3>\n\t\t\t\tDO\u011eAL NANE \u00d6Z\u00dc \u0130LE G\u00dcN BOYU FERAH NEFES!\n\t\t\t<\/h3>\n\t\t<p><em>A\u011f\u0131z bak\u0131m\u0131 i\u00e7in yo\u011fun ve g\u00fcn boyu ferah nefes sa\u011flamaya ve di\u015flerin do\u011fal beyazl\u0131\u011f\u0131n\u0131 korumaya yard\u0131mc\u0131 olur.<\/em><em>\u0130\u00e7eri\u011findeki do\u011fal nane \u00f6z\u00fc ile a\u011f\u0131z bak\u0131m\u0131n\u0131z\u0131 destekler.<\/em><em>Okaliptus \u00f6zleri ile a\u011f\u0131z ve di\u015flerinizin bak\u0131m\u0131 ve hijyenini sa\u011flayarak plak, tartar ve \u00e7\u00fcr\u00fck olu\u015fumunu \u00f6nlemeye yard\u0131mc\u0131 olur.<\/em><em>Form\u00fcl\u00fcndeki do\u011fal nane ya\u011f\u0131 ve mentol ile g\u00fcn boyu ferah a\u011f\u0131z bak\u0131m\u0131 sa\u011flar.<\/em><strong><em><u>&#8220;SLS, SLES, FLOR\u00dcR, PARABEN, T\u0130TANYUM D\u0130OKS\u0130T, \u015eEKER, TUZ, GLUTEN VE BOYA \u0130\u00c7ERMEZ.&#8221;<\/u><\/em><\/strong><strong><em><u>\u015eeker i\u00e7ermez %100 bitkisel STEVIA kullan\u0131lm\u0131\u015ft\u0131r.<\/u><\/em><\/strong><em>Kullan\u0131m \u00d6mr\u00fc:<\/em><em>Kapak a\u00e7\u0131ld\u0131ktan sonra 12 ay<\/em><img loading=\"lazy\" decoding=\"async\" src=\"https:\/\/ident.com.tr\/wp-content\/uploads\/2024\/02\/12-months.png\" alt=\"\" width=\"50\" height=\"50\" \/><\/p>\t\n\t\t\t\t<img decoding=\"async\" src=\"https:\/\/ident.com.tr\/wp-content\/uploads\/2024\/02\/ident_logo-01.png\" alt=\"ident_logo-01\" title=\"ident_logo-01\" itemprop=\"image\"  \/>\n\t<p><a href=\"tel:08508402727\">+90 850 840 27 27<\/a>\u00a0 \u00a0 \u00a0 \u00a0 <a href=\"mailto:info@ident.com.tr\">info@ident.com.tr<\/a><\/p>","protected":false},"excerpt":{"rendered":"<p>DO\u011eAL NANE \u00d6Z\u00dc \u0130LE G\u00dcN &hellip;<\/p>\n<p class=\"read-more\"> <a class=\"\" href=\"https:\/\/ident.com.tr\/en\/urunlerimiz\"> <span class=\"screen-reader-text\">\u00dcr\u00fcnlerimiz<\/span> Read More \u00bb<\/a><\/p>","protected":false},"author":2,"featured_media":0,"parent":0,"menu_order":0,"comment_status":"closed","ping_status":"closed","template":"","meta":{"_uag_custom_page_level_css":"","site-sidebar-layout":"no-sidebar","site-content-layout":"page-builder","ast-site-content-layout":"full-width-container","site-content-style":"unboxed","site-sidebar-style":"unboxed","ast-global-header-display":"","ast-banner-title-visibility":"","ast-main-header-display":"","ast-hfb-above-header-display":"","ast-hfb-below-header-display":"","ast-hfb-mobile-header-display":"","site-post-title":"disabled","ast-breadcrumbs-content":"","ast-featured-img":"disabled","footer-sml-layout":"","theme-transparent-header-meta":"disabled","adv-header-id-meta":"","stick-header-meta":"","header-above-stick-meta":"","header-main-stick-meta":"","header-below-stick-meta":"","astra-migrate-meta-layouts":"set","footnotes":""},"class_list":["post-3197","page","type-page","status-publish","hentry"],"uagb_featured_image_src":{"full":false,"thumbnail":false,"medium":false,"medium_large":false,"large":false,"1536x1536":false,"2048x2048":false,"trp-custom-language-flag":false},"uagb_author_info":{"display_name":"Bora Y\u0131ld\u0131r\u0131m","author_link":"https:\/\/ident.com.tr\/en\/author\/bora"},"uagb_comment_info":0,"uagb_excerpt":"DO\u011eAL NANE \u00d6Z\u00dc \u0130LE G\u00dcN &hellip; \u00dcr\u00fcnlerimiz Read More \u00bb","_links":{"self":[{"href":"https:\/\/ident.com.tr\/en\/wp-json\/wp\/v2\/pages\/3197","targetHints":{"allow":["GET"]}}],"collection":[{"href":"https:\/\/ident.com.tr\/en\/wp-json\/wp\/v2\/pages"}],"about":[{"href":"https:\/\/ident.com.tr\/en\/wp-json\/wp\/v2\/types\/page"}],"author":[{"embeddable":true,"href":"https:\/\/ident.com.tr\/en\/wp-json\/wp\/v2\/users\/2"}],"replies":[{"embeddable":true,"href":"https:\/\/ident.com.tr\/en\/wp-json\/wp\/v2\/comments?post=3197"}],"version-history":[{"count":1,"href":"https:\/\/ident.com.tr\/en\/wp-json\/wp\/v2\/pages\/3197\/revisions"}],"predecessor-version":[{"id":3198,"href":"https:\/\/ident.com.tr\/en\/wp-json\/wp\/v2\/pages\/3197\/revisions\/3198"}],"wp:attachment":[{"href":"https:\/\/ident.com.tr\/en\/wp-json\/wp\/v2\/media?parent=3197"}],"curies":[{"name":"wp","href":"https:\/\/api.w.org\/{rel}","templated":true}]}}