{"id":632,"date":"2022-03-21T07:42:33","date_gmt":"2022-03-21T07:42:33","guid":{"rendered":"https:\/\/ident.com.tr\/home\/"},"modified":"2024-02-12T09:23:57","modified_gmt":"2024-02-12T09:23:57","slug":"anasayfa","status":"publish","type":"page","link":"https:\/\/ident.com.tr\/en\/","title":{"rendered":"Home"},"content":{"rendered":"<h3>\n\t\t\t\tDo\u011fal Di\u015f Macunu\n\t\t\t<\/h3>\n\t\t<p>A\u011f\u0131z bak\u0131m\u0131 i\u00e7in yo\u011fun ve g\u00fcn boyu ferah nefes sa\u011flamaya ve di\u015flerin do\u011fal beyazl\u0131\u011f\u0131n\u0131 korumaya yard\u0131mc\u0131 olur.\u0130\u00e7eri\u011findeki do\u011fal nane \u00f6z\u00fc ile a\u011f\u0131z bak\u0131m\u0131n\u0131z\u0131 destekler.<\/p>\t\n\t<p>Okaliptus \u00f6zleri ile a\u011f\u0131z ve di\u015flerinizin bak\u0131m\u0131 ve hijyenini sa\u011flayarak plak, tartar ve \u00e7\u00fcr\u00fck olu\u015fumunu \u00f6nlemeye yard\u0131mc\u0131 olur.<\/p>\n<p>Form\u00fcl\u00fcndeki do\u011fal nane ya\u011f\u0131 ve mentol ile g\u00fcn boyu ferah a\u011f\u0131z bak\u0131m\u0131 sa\u011flar.<\/p>\n\t\t\t\t<img loading=\"lazy\" decoding=\"async\" src=\"https:\/\/ident.com.tr\/wp-content\/uploads\/2024\/02\/ident_dis_macunu_son.png\" alt=\"ident_dis_macunu_son\" itemprop=\"image\" height=\"1001\" width=\"1100\" title=\"ident_dis_macunu_son\" onerror=\"this.style.display='none'\"  \/>\n\t<p>&#8220;SLS, SLES, FLOR\u00dcR, PARABEN, T\u0130TANYUM D\u0130OKS\u0130T, \u015eEKER, TUZ, GLUTEN VE BOYA \u0130\u00c7ERMEZ.&#8221;<\/p>\n<p>\u015eeker i\u00e7ermez %100 bitkisel STEVIA kullan\u0131lm\u0131\u015ft\u0131r.<\/p>\n\t\t\t\t<img decoding=\"async\" src=\"https:\/\/ident.com.tr\/wp-content\/uploads\/2024\/02\/tac_dis-e1707471092790.png\" alt=\"tac_dis\" title=\"tac_dis\" itemprop=\"image\"  \/>\n<h2>\n\t\tSa\u011fl\u0131kl\u0131 ve G\u00fczel G\u00fcl\u00fcmsemeniz \u0130\u00e7in\n\t<\/h2>\n\t\t\t\t<img loading=\"lazy\" decoding=\"async\" src=\"https:\/\/ident.com.tr\/wp-content\/uploads\/2024\/02\/ikon-1-150x150.png\" alt=\"ikon-1\" itemprop=\"image\" height=\"150\" width=\"150\" title=\"ikon-1\" onerror=\"this.style.display='none'\"  \/>\n\t<p>Vegan<\/p>\n\t\t\t\t<img loading=\"lazy\" decoding=\"async\" src=\"https:\/\/ident.com.tr\/wp-content\/uploads\/2024\/02\/ikon-2.png\" alt=\"ikon-2\" itemprop=\"image\" height=\"2705\" width=\"2157\" title=\"ikon-2\" onerror=\"this.style.display='none'\"  \/>\n\t<p>SLES \u0130\u00e7ermez<\/p>\n\t\t\t\t<img loading=\"lazy\" decoding=\"async\" src=\"https:\/\/ident.com.tr\/wp-content\/uploads\/2024\/02\/ikon-3.png\" alt=\"ikon-3\" itemprop=\"image\" height=\"2439\" width=\"2055\" title=\"ikon-3\" onerror=\"this.style.display='none'\"  \/>\n\t<p>SLS \u0130\u00e7ermez<\/p>\n\t\t\t\t<img loading=\"lazy\" decoding=\"async\" src=\"https:\/\/ident.com.tr\/wp-content\/uploads\/2024\/02\/ikon-4.png\" alt=\"ikon-4\" itemprop=\"image\" height=\"2199\" width=\"1850\" title=\"ikon-4\" onerror=\"this.style.display='none'\"  \/>\n\t<p>Hayvanlar \u00dczerinde Test Edilmemi\u015ftir<\/p>\n\t\t\t\t<img loading=\"lazy\" decoding=\"async\" src=\"https:\/\/ident.com.tr\/wp-content\/uploads\/2024\/02\/ikon-5.png\" alt=\"ikon-5\" itemprop=\"image\" height=\"1913\" width=\"1936\" title=\"ikon-5\" onerror=\"this.style.display='none'\"  \/>\n\t<p>Hayvanlar \u00dczerinde Test Edilmemi\u015ftir<\/p>\n\t\t\t\t<img loading=\"lazy\" decoding=\"async\" src=\"https:\/\/ident.com.tr\/wp-content\/uploads\/2024\/02\/ikon-6.png\" alt=\"ikon-6\" itemprop=\"image\" height=\"2360\" width=\"2004\" title=\"ikon-6\" onerror=\"this.style.display='none'\"  \/>\n\t<p>Gluten \u0130\u00e7ermez<\/p>\n\t\t\t\t<img loading=\"lazy\" decoding=\"async\" src=\"https:\/\/ident.com.tr\/wp-content\/uploads\/2024\/02\/ikon-7.png\" alt=\"ikon-7\" itemprop=\"image\" height=\"1821\" width=\"1821\" title=\"ikon-7\" onerror=\"this.style.display='none'\"  \/>\n\t<p>S\u00fclfat \u0130\u00e7ermez<\/p>\n\t\t\t\t<img loading=\"lazy\" decoding=\"async\" src=\"https:\/\/ident.com.tr\/wp-content\/uploads\/2024\/02\/ikon-8.png\" alt=\"ikon-8\" itemprop=\"image\" height=\"2094\" width=\"1880\" title=\"ikon-8\" onerror=\"this.style.display='none'\"  \/>\n\t<p>100% Do\u011fal<\/p>\n<h2>\n\t\tblog yaz\u0131lar\u0131m\u0131z\n\t<\/h2>\n\t\t\t\t\t\t\t\t\t\t\t\t\t\t<a href=\"https:\/\/ident.com.tr\/en\/dis-macunu-nasil-kullanilmali-copy\/\" target=\"_self\" title=\"Di\u015f Macunu Hakk\u0131nda Bilinmesi Gerekenler\" rel=\"noopener\">\n\t\t\t\t<img decoding=\"async\" src=\"https:\/\/ident.com.tr\/wp-content\/uploads\/2024\/02\/close-up-image-man-s-hands-holding-tube-squeezing-whitening-toothpaste-brush-300x200.jpg\" alt=\"\" \/>\n\t\t\t\t<\/a>\n\t\t\t\t\t\t<h2>\n\t\t\t\t<a href=\"https:\/\/ident.com.tr\/en\/dis-macunu-nasil-kullanilmali-copy\/\" title=\"Di\u015f Macunu Hakk\u0131nda Bilinmesi Gerekenler\" tabindex=\"0\">Di\u015f Macunu Hakk\u0131nda Bilinmesi Gerekenler<\/a>\t\t\t<\/h2>\n\t\t\t<a href=\"https:\/\/ident.com.tr\/en\/dis-macunu-nasil-kullanilmali-copy\/\" target=\"_self\" rel=\"noopener\">Devam\u0131n\u0131 Oku &#8594;<\/a>\t\t\n\t\t\t\t\t\t\t\t\t\t\t\t\t\t<a href=\"https:\/\/ident.com.tr\/en\/dis-macunu-nasil-kullanilmali\/\" target=\"_self\" title=\"Di\u015f macunu nas\u0131l kullan\u0131lmal\u0131?\" rel=\"noopener\">\n\t\t\t\t<img decoding=\"async\" src=\"https:\/\/ident.com.tr\/wp-content\/uploads\/2024\/02\/happy-energetic-young-european-guy-with-stubble-holding-tooth-brush-with-whitening-paste-showing-thumbs-up-gesture-being-good-mood-300x200.jpg\" alt=\"\" \/>\n\t\t\t\t<\/a>\n\t\t\t\t\t\t<h2>\n\t\t\t\t<a href=\"https:\/\/ident.com.tr\/en\/dis-macunu-nasil-kullanilmali\/\" title=\"Di\u015f macunu nas\u0131l kullan\u0131lmal\u0131?\" tabindex=\"0\">Di\u015f macunu nas\u0131l kullan\u0131lmal\u0131?<\/a>\t\t\t<\/h2>\n\t\t\t<a href=\"https:\/\/ident.com.tr\/en\/dis-macunu-nasil-kullanilmali\/\" target=\"_self\" rel=\"noopener\">Devam\u0131n\u0131 Oku &#8594;<\/a>\t\t\n\t\t\t\t\t\t\t\t\t\t\t\t\t\t<a href=\"https:\/\/ident.com.tr\/en\/tatar-ve-plaktan-nasil-kurtuluruz\/\" target=\"_self\" title=\"Tatar ve Plaktan Nas\u0131l Kurtuluruz\" rel=\"noopener\">\n\t\t\t\t<img decoding=\"async\" src=\"https:\/\/ident.com.tr\/wp-content\/uploads\/2024\/02\/nurse-practicing-layout-jaw-with-teeth-300x200.jpg\" alt=\"\" \/>\n\t\t\t\t<\/a>\n\t\t\t\t\t\t<h2>\n\t\t\t\t<a href=\"https:\/\/ident.com.tr\/en\/tatar-ve-plaktan-nasil-kurtuluruz\/\" title=\"Tatar ve Plaktan Nas\u0131l Kurtuluruz\" tabindex=\"0\">Tatar ve Plaktan Nas\u0131l Kurtuluruz<\/a>\t\t\t<\/h2>\n\t\t\t<a href=\"https:\/\/ident.com.tr\/en\/tatar-ve-plaktan-nasil-kurtuluruz\/\" target=\"_self\" rel=\"noopener\">Devam\u0131n\u0131 Oku &#8594;<\/a>\t\t\n\t\t\t\t\t\t\t\t\t\t\t\t\t\t<a href=\"https:\/\/ident.com.tr\/en\/dislerinize-zarar-veren-aliskanliklar\/\" target=\"_self\" title=\"Di\u015flerinize Zarar Veren Al\u0131\u015fkanl\u0131klar\" rel=\"noopener\">\n\t\t\t\t<img decoding=\"async\" src=\"https:\/\/ident.com.tr\/wp-content\/uploads\/2024\/02\/woman-teeth-before-after-whitening-white-background-dental-clinic-patient-image-symbolizes-oral-care-dentistry-stomatology-300x200.jpg\" alt=\"\" \/>\n\t\t\t\t<\/a>\n\t\t\t\t\t\t<h2>\n\t\t\t\t<a href=\"https:\/\/ident.com.tr\/en\/dislerinize-zarar-veren-aliskanliklar\/\" title=\"Di\u015flerinize Zarar Veren Al\u0131\u015fkanl\u0131klar\" tabindex=\"0\">Di\u015flerinize Zarar Veren Al\u0131\u015fkanl\u0131klar<\/a>\t\t\t<\/h2>\n\t\t\t<a href=\"https:\/\/ident.com.tr\/en\/dislerinize-zarar-veren-aliskanliklar\/\" target=\"_self\" rel=\"noopener\">Devam\u0131n\u0131 Oku &#8594;<\/a>\t\t\n\t\t\t\t<img decoding=\"async\" src=\"https:\/\/ident.com.tr\/wp-content\/uploads\/2024\/02\/ident_logo-01.png\" alt=\"ident_logo-01\" title=\"ident_logo-01\" itemprop=\"image\"  \/>\n\t<p><a href=\"tel:08508402727\">+90 850 840 27 27<\/a>\u00a0 \u00a0 \u00a0 \u00a0 <a href=\"mailto:info@ident.com.tr\">info@ident.com.tr<\/a><\/p>","protected":false},"excerpt":{"rendered":"<p>Do\u011fal Di\u015f Macunu A\u011f\u0131z bak\u0131m\u0131 &hellip;<\/p>\n<p class=\"read-more\"> <a class=\"\" href=\"https:\/\/ident.com.tr\/en\/\"> <span class=\"screen-reader-text\">Home<\/span> Read More \u00bb<\/a><\/p>","protected":false},"author":2,"featured_media":0,"parent":0,"menu_order":0,"comment_status":"closed","ping_status":"closed","template":"","meta":{"_uag_custom_page_level_css":"","site-sidebar-layout":"no-sidebar","site-content-layout":"page-builder","ast-site-content-layout":"full-width-container","site-content-style":"unboxed","site-sidebar-style":"unboxed","ast-global-header-display":"","ast-banner-title-visibility":"","ast-main-header-display":"","ast-hfb-above-header-display":"","ast-hfb-below-header-display":"","ast-hfb-mobile-header-display":"","site-post-title":"disabled","ast-breadcrumbs-content":"","ast-featured-img":"disabled","footer-sml-layout":"","theme-transparent-header-meta":"default","adv-header-id-meta":"","stick-header-meta":"","header-above-stick-meta":"","header-main-stick-meta":"","header-below-stick-meta":"","astra-migrate-meta-layouts":"set","footnotes":""},"class_list":["post-632","page","type-page","status-publish","hentry"],"uagb_featured_image_src":{"full":false,"thumbnail":false,"medium":false,"medium_large":false,"large":false,"1536x1536":false,"2048x2048":false,"trp-custom-language-flag":false},"uagb_author_info":{"display_name":"Bora Y\u0131ld\u0131r\u0131m","author_link":"https:\/\/ident.com.tr\/en\/author\/bora"},"uagb_comment_info":0,"uagb_excerpt":"Do\u011fal Di\u015f Macunu A\u011f\u0131z bak\u0131m\u0131 &hellip; Anasayfa Read More \u00bb","_links":{"self":[{"href":"https:\/\/ident.com.tr\/en\/wp-json\/wp\/v2\/pages\/632","targetHints":{"allow":["GET"]}}],"collection":[{"href":"https:\/\/ident.com.tr\/en\/wp-json\/wp\/v2\/pages"}],"about":[{"href":"https:\/\/ident.com.tr\/en\/wp-json\/wp\/v2\/types\/page"}],"author":[{"embeddable":true,"href":"https:\/\/ident.com.tr\/en\/wp-json\/wp\/v2\/users\/2"}],"replies":[{"embeddable":true,"href":"https:\/\/ident.com.tr\/en\/wp-json\/wp\/v2\/comments?post=632"}],"version-history":[{"count":12,"href":"https:\/\/ident.com.tr\/en\/wp-json\/wp\/v2\/pages\/632\/revisions"}],"predecessor-version":[{"id":3225,"href":"https:\/\/ident.com.tr\/en\/wp-json\/wp\/v2\/pages\/632\/revisions\/3225"}],"wp:attachment":[{"href":"https:\/\/ident.com.tr\/en\/wp-json\/wp\/v2\/media?parent=632"}],"curies":[{"name":"wp","href":"https:\/\/api.w.org\/{rel}","templated":true}]}}